{"id":719,"date":"2025-12-01T16:38:19","date_gmt":"2025-12-01T15:38:19","guid":{"rendered":"https:\/\/www.arcollectionhotels.com\/?page_id=719"},"modified":"2026-01-27T17:23:11","modified_gmt":"2026-01-27T16:23:11","slug":"cgv","status":"publish","type":"page","link":"https:\/\/www.arcollectionhotels.com\/en\/cgv\/","title":{"rendered":"Terms and Conditions"},"content":{"rendered":"<div data-elementor-type=\"wp-page\" data-elementor-id=\"719\" class=\"elementor elementor-719\" data-elementor-post-type=\"page\">\n\t\t\t\t<div class=\"elementor-element elementor-element-1d6b9cf e-con-full e-flex e-con e-parent\" data-id=\"1d6b9cf\" data-element_type=\"container\" data-settings=\"{&quot;background_background&quot;:&quot;classic&quot;}\">\n\t\t\t\t<div class=\"elementor-element elementor-element-2c9104c elementor-widget__width-inherit elementor-hidden-tablet elementor-hidden-mobile elementor-widget elementor-widget-template\" data-id=\"2c9104c\" data-element_type=\"widget\" data-widget_type=\"template.default\">\n\t\t\t\t<div class=\"elementor-widget-container\">\n\t\t\t\t\t\t\t<div class=\"elementor-template\">\n\t\t\t\t\t<div data-elementor-type=\"container\" data-elementor-id=\"1407\" class=\"elementor elementor-1407\" data-elementor-post-type=\"elementor_library\">\n\t\t\t\t<div class=\"elementor-element elementor-element-f9f8c97 e-flex e-con-boxed e-con e-child\" data-id=\"f9f8c97\" data-element_type=\"container\">\n\t\t\t\t\t<div class=\"e-con-inner\">\n\t\t<div class=\"elementor-element elementor-element-a693752 e-con-full e-flex e-con e-child\" data-id=\"a693752\" data-element_type=\"container\">\n\t\t\t\t<div class=\"elementor-element elementor-element-144de09 elementor-widget elementor-widget-button\" data-id=\"144de09\" data-element_type=\"widget\" data-widget_type=\"button.default\">\n\t\t\t\t<div class=\"elementor-widget-container\">\n\t\t\t\t\t\t\t\t\t<div class=\"elementor-button-wrapper\">\n\t\t\t\t\t<a class=\"elementor-button elementor-button-link elementor-size-sm\" href=\"#elementor-action%3Aaction%3Dpopup%3Aopen%26settings%3DeyJpZCI6IjE0MDIiLCJ0b2dnbGUiOmZhbHNlfQ%3D%3D\">\n\t\t\t\t\t\t<span class=\"elementor-button-content-wrapper\">\n\t\t\t\t\t\t\t\t\t<span class=\"elementor-button-text\">Services<\/span>\n\t\t\t\t\t<\/span>\n\t\t\t\t\t<\/a>\n\t\t\t\t<\/div>\n\t\t\t\t\t\t\t\t<\/div>\n\t\t\t\t<\/div>\n\t\t\t\t<div class=\"elementor-element elementor-element-f0f9ac8 elementor-widget elementor-widget-button\" data-id=\"f0f9ac8\" data-element_type=\"widget\" data-widget_type=\"button.default\">\n\t\t\t\t<div class=\"elementor-widget-container\">\n\t\t\t\t\t\t\t\t\t<div class=\"elementor-button-wrapper\">\n\t\t\t\t\t<a class=\"elementor-button elementor-button-link elementor-size-sm\" href=\"#elementor-action%3Aaction%3Dpopup%3Aopen%26settings%3DeyJpZCI6IjE0NTYiLCJ0b2dnbGUiOmZhbHNlfQ%3D%3D\">\n\t\t\t\t\t\t<span class=\"elementor-button-content-wrapper\">\n\t\t\t\t\t\t\t\t\t<span class=\"elementor-button-text\">Destinations<\/span>\n\t\t\t\t\t<\/span>\n\t\t\t\t\t<\/a>\n\t\t\t\t<\/div>\n\t\t\t\t\t\t\t\t<\/div>\n\t\t\t\t<\/div>\n\t\t\t\t<div class=\"elementor-element elementor-element-b0ef511 elementor-widget elementor-widget-button\" data-id=\"b0ef511\" data-element_type=\"widget\" data-widget_type=\"button.default\">\n\t\t\t\t<div class=\"elementor-widget-container\">\n\t\t\t\t\t\t\t\t\t<div class=\"elementor-button-wrapper\">\n\t\t\t\t\t<a class=\"elementor-button elementor-button-link elementor-size-sm\" href=\"https:\/\/www.arcollectionhotels.com\/en\/your-events\/\">\n\t\t\t\t\t\t<span class=\"elementor-button-content-wrapper\">\n\t\t\t\t\t\t\t\t\t<span class=\"elementor-button-text\">Events<\/span>\n\t\t\t\t\t<\/span>\n\t\t\t\t\t<\/a>\n\t\t\t\t<\/div>\n\t\t\t\t\t\t\t\t<\/div>\n\t\t\t\t<\/div>\n\t\t\t\t<\/div>\n\t\t\t\t<div class=\"elementor-element elementor-element-2df9e79 elementor-view-framed elementor-widget__width-auto elementor-shape-circle elementor-widget elementor-widget-icon\" data-id=\"2df9e79\" data-element_type=\"widget\" data-widget_type=\"icon.default\">\n\t\t\t\t<div class=\"elementor-widget-container\">\n\t\t\t\t\t\t\t<div class=\"elementor-icon-wrapper\">\n\t\t\t<a class=\"elementor-icon\" href=\"#introduction\">\n\t\t\t<svg xmlns=\"http:\/\/www.w3.org\/2000\/svg\" width=\"15\" height=\"8\" viewbox=\"0 0 15 8\" fill=\"none\"><path d=\"M0.5 0.5L7.02174 7.02174L13.5435 0.5\" stroke=\"white\" stroke-linecap=\"round\"><\/path><\/svg>\t\t\t<\/a>\n\t\t<\/div>\n\t\t\t\t\t\t<\/div>\n\t\t\t\t<\/div>\n\t\t\t\t\t<\/div>\n\t\t\t\t<\/div>\n\t\t\t\t<\/div>\n\t\t\t\t<\/div>\n\t\t\t\t\t\t<\/div>\n\t\t\t\t<\/div>\n\t\t\t\t<\/div>\n\t\t<div class=\"elementor-element elementor-element-504a666 e-flex e-con-boxed e-con e-parent\" data-id=\"504a666\" data-element_type=\"container\" id=\"introduction\">\n\t\t\t\t\t<div class=\"e-con-inner\">\n\t\t\t\t<div class=\"elementor-element elementor-element-9eb91d3 legal-text elementor-widget elementor-widget-text-editor\" data-id=\"9eb91d3\" data-element_type=\"widget\" data-widget_type=\"text-editor.default\">\n\t\t\t\t<div class=\"elementor-widget-container\">\n\t\t\t\t\t\t\t\t\t<p data-start=\"161\" data-end=\"244\"><strong data-start=\"161\" data-end=\"244\">TERMS AND CONDITIONS OF SALE (CGV) AND TERMS AND CONDITIONS OF USE (CGU)<\/strong><\/p><p data-start=\"246\" data-end=\"271\"><strong data-start=\"246\" data-end=\"269\">Scope of application<\/strong><\/p><p data-start=\"273\" data-end=\"510\">These GTC and GCU govern the use of the site <a class=\"decorated-link\" href=\"http:\/\/www.arcollectionhotels.com\/en\/\" target=\"_new\" rel=\"noopener\" data-start=\"330\" data-end=\"356\">www.arcollectionhotels.com<\/a> as well as online booking of rooms and additional services offered by establishments in the HVLM - AR COLLECTION HOTELS group.<\/p><p data-start=\"512\" data-end=\"627\">Any use of the site and any reservation implies full acceptance of these conditions.<\/p><p data-start=\"629\" data-end=\"660\"><strong data-start=\"629\" data-end=\"658\">Use of the site (CGU)<\/strong><\/p><p data-start=\"662\" data-end=\"928\">The user undertakes to use the site fairly, in accordance with the law, and not to undermine its proper functioning, its security or the rights of third parties.<br data-start=\"833\" data-end=\"836\" \/>Any fraudulent, abusive or illicit use may result in suspension of access to the site.<\/p><p data-start=\"930\" data-end=\"978\"><strong data-start=\"930\" data-end=\"976\">Reservation and conclusion of contract (GTC)<\/strong><\/p><p data-start=\"980\" data-end=\"1219\">The information presented on the site constitutes a booking offer.<br data-start=\"1057\" data-end=\"1060\" \/>The reservation becomes firm and definitive on receipt of the confirmation e-mail, which constitutes the conclusion of the contract between the Customer and the establishment concerned.<\/p><p data-start=\"1221\" data-end=\"1322\">The Customer declares that he\/she is of legal age, has legal capacity and provides accurate information.<\/p><p data-start=\"1324\" data-end=\"1346\"><strong data-start=\"1324\" data-end=\"1344\">Prices and payment<\/strong><\/p><p data-start=\"1348\" data-end=\"1608\">Prices are quoted in euros, inclusive of all taxes, excluding tourist tax.<br data-start=\"1431\" data-end=\"1434\" \/>Payment is made according to the terms of the selected rate, either at the hotel or by prepayment.<br data-start=\"1537\" data-end=\"1540\" \/>A bank pre-authorization may be requested as a guarantee.<\/p><p data-start=\"1610\" data-end=\"1637\"><strong data-start=\"1610\" data-end=\"1635\">Right of withdrawal<\/strong><\/p><p data-start=\"1639\" data-end=\"1805\">In accordance with article L.221-28 of the French Consumer Code, the right of withdrawal does not apply to accommodation services provided on a specific date.<\/p><p data-start=\"1807\" data-end=\"1857\"><strong data-start=\"1807\" data-end=\"1855\">Cancellations, changes and no-shows<\/strong><\/p><p data-start=\"1859\" data-end=\"2218\">Cancellation and modification conditions depend on the rate booked.<br data-start=\"1933\" data-end=\"1936\" \/>Prepaid offers are non-cancellable and non-refundable.<br data-start=\"1998\" data-end=\"2001\" \/>Except in the case of special conditions, late cancellations or no-shows may result in a penalty charge of one night's stay.<br data-start=\"2134\" data-end=\"2137\" \/>In the event of interruption, full payment must be made.<\/p><p data-start=\"2220\" data-end=\"2242\"><strong data-start=\"2220\" data-end=\"2240\">Hotel stay<\/strong><\/p><p data-start=\"2244\" data-end=\"2474\">The customer undertakes to behave respectfully towards the premises, staff and other customers.<br data-start=\"2347\" data-end=\"2350\" \/>Any damage caused may give rise to invoicing.<br data-start=\"2402\" data-end=\"2405\" \/>Standard times are arrival at 3:00 pm and departure at 11:00 am.<\/p><p data-start=\"2476\" data-end=\"2502\"><strong data-start=\"2476\" data-end=\"2500\">Personal data<\/strong><\/p><p data-start=\"2504\" data-end=\"2894\">Personal data is processed in accordance with Regulation (EU) 2016\/679 (RGPD) and the law of June 20, 2018.<br data-start=\"2618\" data-end=\"2621\" \/>The Customer has the right to access, rectify, delete and object to the data by writing to the following address: <a class=\"decorated-link cursor-pointer\" rel=\"noopener\" data-start=\"2741\" data-end=\"2771\">contact@arcollectionhotels.com<\/a>.<br data-start=\"2772\" data-end=\"2775\" \/>The Customer may register on the BLOCTEL telephone anti-solicitation list at the following address <a class=\"decorated-link\" href=\"http:\/\/www.bloctel.gouv.fr\" target=\"_new\" rel=\"noopener nofollow\" data-start=\"2874\" data-end=\"2893\">www.bloctel.gouv.fr<\/a>.<\/p><p data-start=\"2896\" data-end=\"2915\"><strong data-start=\"2896\" data-end=\"2913\">Force majeure<\/strong><\/p><p data-start=\"2917\" data-end=\"3063\">HVLM - AR COLLECTION HOTELS may not be held liable in the event of force majeure events preventing the execution of services.<\/p><p data-start=\"3065\" data-end=\"3113\"><strong data-start=\"3065\" data-end=\"3111\">Applicable law, mediation and jurisdiction<\/strong><\/p><p data-start=\"3115\" data-end=\"3369\">These GTC and GCU are governed by French law.<br data-start=\"3172\" data-end=\"3175\" \/>In the event of a dispute, the customer may have recourse to the Tourisme Voyage Mediator before taking any legal action.<br data-start=\"3276\" data-end=\"3279\" \/>Failing amicable resolution, the Paris courts shall have exclusive jurisdiction.<\/p>\t\t\t\t\t\t\t\t<\/div>\n\t\t\t\t<\/div>\n\t\t\t\t\t<\/div>\n\t\t\t\t<\/div>\n\t\t\t\t<\/div>","protected":false},"excerpt":{"rendered":"<p>CONDITIONS G\u00c9N\u00c9RALES DE VENTE (CGV) ET CONDITIONS G\u00c9N\u00c9RALES D\u2019UTILISATION (CGU) Champ d\u2019application Les pr\u00e9sentes CGV et CGU r\u00e9gissent l\u2019utilisation du site www.arcollectionhotels.com ainsi que la r\u00e9servation en ligne de chambres et de prestations compl\u00e9mentaires propos\u00e9es par les \u00e9tablissements du groupe HVLM \u2013 AR COLLECTION HOTELS. Toute utilisation du site et toute r\u00e9servation impliquent l\u2019acceptation pleine [&hellip;]<\/p>\n","protected":false},"author":13,"featured_media":0,"parent":0,"menu_order":0,"comment_status":"closed","ping_status":"closed","template":"","meta":{"inline_featured_image":false,"footnotes":""},"class_list":["post-719","page","type-page","status-publish","hentry"],"_links":{"self":[{"href":"https:\/\/www.arcollectionhotels.com\/en\/wp-json\/wp\/v2\/pages\/719","targetHints":{"allow":["GET"]}}],"collection":[{"href":"https:\/\/www.arcollectionhotels.com\/en\/wp-json\/wp\/v2\/pages"}],"about":[{"href":"https:\/\/www.arcollectionhotels.com\/en\/wp-json\/wp\/v2\/types\/page"}],"author":[{"embeddable":true,"href":"https:\/\/www.arcollectionhotels.com\/en\/wp-json\/wp\/v2\/users\/13"}],"replies":[{"embeddable":true,"href":"https:\/\/www.arcollectionhotels.com\/en\/wp-json\/wp\/v2\/comments?post=719"}],"version-history":[{"count":25,"href":"https:\/\/www.arcollectionhotels.com\/en\/wp-json\/wp\/v2\/pages\/719\/revisions"}],"predecessor-version":[{"id":2835,"href":"https:\/\/www.arcollectionhotels.com\/en\/wp-json\/wp\/v2\/pages\/719\/revisions\/2835"}],"wp:attachment":[{"href":"https:\/\/www.arcollectionhotels.com\/en\/wp-json\/wp\/v2\/media?parent=719"}],"curies":[{"name":"wp","href":"https:\/\/api.w.org\/{rel}","templated":true}]}}