{"id":713,"date":"2025-12-01T16:37:57","date_gmt":"2025-12-01T15:37:57","guid":{"rendered":"https:\/\/www.arcollectionhotels.com\/?page_id=713"},"modified":"2025-12-24T11:21:21","modified_gmt":"2025-12-24T10:21:21","slug":"legal-notice","status":"publish","type":"page","link":"https:\/\/www.arcollectionhotels.com\/en\/legal-notice\/","title":{"rendered":"Legal notices"},"content":{"rendered":"<div data-elementor-type=\"wp-page\" data-elementor-id=\"713\" class=\"elementor elementor-713\" data-elementor-post-type=\"page\">\n\t\t\t\t<div class=\"elementor-element elementor-element-b24bf98 e-con-full e-flex e-con e-parent\" data-id=\"b24bf98\" data-element_type=\"container\" data-settings=\"{&quot;background_background&quot;:&quot;classic&quot;}\">\n\t\t\t\t<div class=\"elementor-element elementor-element-c45c89f elementor-widget__width-inherit elementor-hidden-tablet elementor-hidden-mobile elementor-widget elementor-widget-template\" data-id=\"c45c89f\" data-element_type=\"widget\" data-widget_type=\"template.default\">\n\t\t\t\t<div class=\"elementor-widget-container\">\n\t\t\t\t\t\t\t<div class=\"elementor-template\">\n\t\t\t\t\t<div data-elementor-type=\"container\" data-elementor-id=\"1407\" class=\"elementor elementor-1407\" data-elementor-post-type=\"elementor_library\">\n\t\t\t\t<div class=\"elementor-element elementor-element-f9f8c97 e-flex e-con-boxed e-con e-child\" data-id=\"f9f8c97\" data-element_type=\"container\">\n\t\t\t\t\t<div class=\"e-con-inner\">\n\t\t<div class=\"elementor-element elementor-element-a693752 e-con-full e-flex e-con e-child\" data-id=\"a693752\" data-element_type=\"container\">\n\t\t\t\t<div class=\"elementor-element elementor-element-144de09 elementor-widget elementor-widget-button\" data-id=\"144de09\" data-element_type=\"widget\" data-widget_type=\"button.default\">\n\t\t\t\t<div class=\"elementor-widget-container\">\n\t\t\t\t\t\t\t\t\t<div class=\"elementor-button-wrapper\">\n\t\t\t\t\t<a class=\"elementor-button elementor-button-link elementor-size-sm\" href=\"#elementor-action%3Aaction%3Dpopup%3Aopen%26settings%3DeyJpZCI6IjE0MDIiLCJ0b2dnbGUiOmZhbHNlfQ%3D%3D\">\n\t\t\t\t\t\t<span class=\"elementor-button-content-wrapper\">\n\t\t\t\t\t\t\t\t\t<span class=\"elementor-button-text\">Services<\/span>\n\t\t\t\t\t<\/span>\n\t\t\t\t\t<\/a>\n\t\t\t\t<\/div>\n\t\t\t\t\t\t\t\t<\/div>\n\t\t\t\t<\/div>\n\t\t\t\t<div class=\"elementor-element elementor-element-f0f9ac8 elementor-widget elementor-widget-button\" data-id=\"f0f9ac8\" data-element_type=\"widget\" data-widget_type=\"button.default\">\n\t\t\t\t<div class=\"elementor-widget-container\">\n\t\t\t\t\t\t\t\t\t<div class=\"elementor-button-wrapper\">\n\t\t\t\t\t<a class=\"elementor-button elementor-button-link elementor-size-sm\" href=\"#elementor-action%3Aaction%3Dpopup%3Aopen%26settings%3DeyJpZCI6IjE0NTYiLCJ0b2dnbGUiOmZhbHNlfQ%3D%3D\">\n\t\t\t\t\t\t<span class=\"elementor-button-content-wrapper\">\n\t\t\t\t\t\t\t\t\t<span class=\"elementor-button-text\">Destinations<\/span>\n\t\t\t\t\t<\/span>\n\t\t\t\t\t<\/a>\n\t\t\t\t<\/div>\n\t\t\t\t\t\t\t\t<\/div>\n\t\t\t\t<\/div>\n\t\t\t\t<div class=\"elementor-element elementor-element-b0ef511 elementor-widget elementor-widget-button\" data-id=\"b0ef511\" data-element_type=\"widget\" data-widget_type=\"button.default\">\n\t\t\t\t<div class=\"elementor-widget-container\">\n\t\t\t\t\t\t\t\t\t<div class=\"elementor-button-wrapper\">\n\t\t\t\t\t<a class=\"elementor-button elementor-button-link elementor-size-sm\" href=\"https:\/\/www.arcollectionhotels.com\/en\/your-events\/\">\n\t\t\t\t\t\t<span class=\"elementor-button-content-wrapper\">\n\t\t\t\t\t\t\t\t\t<span class=\"elementor-button-text\">Events<\/span>\n\t\t\t\t\t<\/span>\n\t\t\t\t\t<\/a>\n\t\t\t\t<\/div>\n\t\t\t\t\t\t\t\t<\/div>\n\t\t\t\t<\/div>\n\t\t\t\t<\/div>\n\t\t\t\t<div class=\"elementor-element elementor-element-2df9e79 elementor-view-framed elementor-widget__width-auto elementor-shape-circle elementor-widget elementor-widget-icon\" data-id=\"2df9e79\" data-element_type=\"widget\" data-widget_type=\"icon.default\">\n\t\t\t\t<div class=\"elementor-widget-container\">\n\t\t\t\t\t\t\t<div class=\"elementor-icon-wrapper\">\n\t\t\t<a class=\"elementor-icon\" href=\"#introduction\">\n\t\t\t<svg xmlns=\"http:\/\/www.w3.org\/2000\/svg\" width=\"15\" height=\"8\" viewbox=\"0 0 15 8\" fill=\"none\"><path d=\"M0.5 0.5L7.02174 7.02174L13.5435 0.5\" stroke=\"white\" stroke-linecap=\"round\"><\/path><\/svg>\t\t\t<\/a>\n\t\t<\/div>\n\t\t\t\t\t\t<\/div>\n\t\t\t\t<\/div>\n\t\t\t\t\t<\/div>\n\t\t\t\t<\/div>\n\t\t\t\t<\/div>\n\t\t\t\t<\/div>\n\t\t\t\t\t\t<\/div>\n\t\t\t\t<\/div>\n\t\t\t\t<\/div>\n\t\t<div class=\"elementor-element elementor-element-3e7fc30 e-flex e-con-boxed e-con e-parent\" data-id=\"3e7fc30\" data-element_type=\"container\" id=\"introduction\">\n\t\t\t\t\t<div class=\"e-con-inner\">\n\t\t\t\t<div class=\"elementor-element elementor-element-6ebe649 legal-text elementor-widget elementor-widget-text-editor\" data-id=\"6ebe649\" data-element_type=\"widget\" data-widget_type=\"text-editor.default\">\n\t\t\t\t<div class=\"elementor-widget-container\">\n\t\t\t\t\t\t\t\t\t<p>URL: www.arcollectionhotels.com<br \/>Corporate name: SARL HVLM<br \/>Share capital: \u20ac 10,000.00<br \/>SIRET : 51236518000045<br \/>RCS : Rennes 512365180<br \/>Head office: 19A rue de Ch\u00e2tillon, 35000 Rennes<\/p><p>AR COLLECTION HOTELS :<br \/>Tel: + 33 (0)2 99 31 66 08<br \/>E-mail: contact@arcollectionhotels.com<br \/>Photo copyright: \u00a9Jeanne Lozay \u00a9Gurvann Touz\u00e9 \u00a9Gettyimages<\/p><p><strong>1. Purpose of the website<\/strong><br \/>The AR COLLECTION HOTELS website is dedicated to the promotion of the establishment, the provision of information and the collection of personal data for the purposes of reservation and customer relationship management.<br \/>Liability<br \/>Director of publication: Eliophot<br \/>Editorial manager: Eliophot<br \/>Webmaster, design, editing, hosting: Eliophot + HOST (Hetzner Online GmbH \u2013 Industriestr. 25 \u2013 91710 Gunzenhausen \u2013 Germany or Group Dis at 28, rue des Arts, 59800 Lille (03 20 09 11 68) or other if managed by client)<\/p><p><strong>2. Collection of personal data<\/strong><br \/>The AR COLLECTION HOTELS website collects personal data online in order to reserve rooms and manage your stay.<br \/>In accordance with the French Data Protection Act, this site has been registered with the Commission Nationale Informatique et Libert\u00e9s (CNIL). You have the right to access, modify, rectify and delete any personal data concerning you. To exercise this right, please contact us at the following address: contact@arcollectionhotels.com.<\/p><p><strong>3. Intellectual property<\/strong><br \/>All information, content, logos, text, images, and other elements on the website are protected by French law and international conventions relating to intellectual property.<br \/>Any reproduction, distribution or modification, in whole or in part, without the prior authorization of AR COLLECTION HOTELS, is strictly prohibited, except for private or family use.<\/p><p><strong>4. Disputes and mediation<\/strong><br \/>In the event of a dispute, we invite you to contact our customer service department to try to resolve the issue amicably.<\/p><p>If no amicable solution can be found, the consumer may refer the matter free of charge to a consumer mediator, namely the Association des M\u00e9diateurs Europ\u00e9ens (AME CONSO), within one (1) year of the written complaint being sent to the Hotel.<\/p><p>You can contact the mediator:<br \/>Online, using the form available on the website: www.mediationconso-ame.com<br \/>By mail, to the following address:<br \/>AME CONSO \u2013 11 Place Dauphine \u2013 75001 PARIS<\/p><p><strong>5. Applicable law and online dispute resolution<\/strong><br \/>In accordance with Article 14 of Regulation (EU) No. 524\/2013, the European Commission provides an online dispute resolution (ODR) platform. You can access it via the following link:<br \/>\ud83d\udc49 https:\/\/ec.europa.eu\/consumers\/odr\/<\/p><p><strong>6. No right of withdrawal<\/strong><br \/>In accordance with Article L.221-28 of the Consumer Code, the right of withdrawal does not apply to accommodation services provided on a specific date or at specific intervals.<\/p><p><strong>7. Limited liability of the publisher<\/strong><br \/>The site publisher provides users with information and tools that it considers reliable. However, it cannot be held responsible for errors, the unavailability of features, or the presence of viruses on the site.<\/p><p>The information on this website is provided for informational purposes only and is not a substitute for personalized advice. The publisher does not guarantee the accuracy, completeness, or timeliness of this information.<br \/>In addition, the site may contain links to third-party sites. The publisher assumes no responsibility for the content of these sites and cannot be held liable for any direct or indirect damage resulting from their use.<\/p><p>You can opt out of telemarketing by registering for free on the Bloctel list: https:\/\/www.bloctel.gouv.fr. We respect the Bloctel list and undertake not to contact you if you are registered on it.<\/p>\t\t\t\t\t\t\t\t<\/div>\n\t\t\t\t<\/div>\n\t\t\t\t\t<\/div>\n\t\t\t\t<\/div>\n\t\t\t\t<\/div>","protected":false},"excerpt":{"rendered":"<p>URL : www.arcollectionhotels.comRaison sociale : SARL HVLMCapital social : 10 000,00 \u20acSIRET : 51236518000045RCS : Rennes 512365180Si\u00e8ge social : 19A rue de Ch\u00e2tillon, 35000 Rennes AR COLLECTION HOTELS :T\u00e9l : + 33 (0)2 99 31 66 08E-mail : contact@arcollectionhotels.comCopyright photos : \u00a9Jeanne Lozay \u00a9Gurvann Touz\u00e9 \u00a9Gettyimages 1. Objet du siteLe site internet de AR COLLECTION [&hellip;]<\/p>\n","protected":false},"author":13,"featured_media":0,"parent":0,"menu_order":0,"comment_status":"closed","ping_status":"closed","template":"","meta":{"inline_featured_image":false,"footnotes":""},"class_list":["post-713","page","type-page","status-publish","hentry"],"_links":{"self":[{"href":"https:\/\/www.arcollectionhotels.com\/en\/wp-json\/wp\/v2\/pages\/713","targetHints":{"allow":["GET"]}}],"collection":[{"href":"https:\/\/www.arcollectionhotels.com\/en\/wp-json\/wp\/v2\/pages"}],"about":[{"href":"https:\/\/www.arcollectionhotels.com\/en\/wp-json\/wp\/v2\/types\/page"}],"author":[{"embeddable":true,"href":"https:\/\/www.arcollectionhotels.com\/en\/wp-json\/wp\/v2\/users\/13"}],"replies":[{"embeddable":true,"href":"https:\/\/www.arcollectionhotels.com\/en\/wp-json\/wp\/v2\/comments?post=713"}],"version-history":[{"count":37,"href":"https:\/\/www.arcollectionhotels.com\/en\/wp-json\/wp\/v2\/pages\/713\/revisions"}],"predecessor-version":[{"id":2459,"href":"https:\/\/www.arcollectionhotels.com\/en\/wp-json\/wp\/v2\/pages\/713\/revisions\/2459"}],"wp:attachment":[{"href":"https:\/\/www.arcollectionhotels.com\/en\/wp-json\/wp\/v2\/media?parent=713"}],"curies":[{"name":"wp","href":"https:\/\/api.w.org\/{rel}","templated":true}]}}