{"id":189,"date":"2025-11-24T17:04:25","date_gmt":"2025-11-24T16:04:25","guid":{"rendered":"https:\/\/www.arcollectionhotels.com\/?page_id=189"},"modified":"2026-01-27T17:23:52","modified_gmt":"2026-01-27T16:23:52","slug":"agenda","status":"publish","type":"page","link":"https:\/\/www.arcollectionhotels.com\/en\/agenda\/","title":{"rendered":"Schedule"},"content":{"rendered":"<div data-elementor-type=\"wp-page\" data-elementor-id=\"189\" class=\"elementor elementor-189\" data-elementor-post-type=\"page\">\n\t\t\t\t<div class=\"elementor-element elementor-element-342b3b9 e-con-full e-flex e-con e-parent\" data-id=\"342b3b9\" data-element_type=\"container\" data-settings=\"{&quot;background_background&quot;:&quot;classic&quot;}\">\n\t\t\t\t<div class=\"elementor-element elementor-element-67e9219 elementor-widget__width-inherit elementor-hidden-tablet elementor-hidden-mobile elementor-widget elementor-widget-template\" data-id=\"67e9219\" data-element_type=\"widget\" data-widget_type=\"template.default\">\n\t\t\t\t<div class=\"elementor-widget-container\">\n\t\t\t\t\t\t\t<div class=\"elementor-template\">\n\t\t\t\t\t<div data-elementor-type=\"container\" data-elementor-id=\"1407\" class=\"elementor elementor-1407\" data-elementor-post-type=\"elementor_library\">\n\t\t\t\t<div class=\"elementor-element elementor-element-f9f8c97 e-flex e-con-boxed e-con e-child\" data-id=\"f9f8c97\" data-element_type=\"container\">\n\t\t\t\t\t<div class=\"e-con-inner\">\n\t\t<div class=\"elementor-element elementor-element-a693752 e-con-full e-flex e-con e-child\" data-id=\"a693752\" data-element_type=\"container\">\n\t\t\t\t<div class=\"elementor-element elementor-element-144de09 elementor-widget elementor-widget-button\" data-id=\"144de09\" data-element_type=\"widget\" data-widget_type=\"button.default\">\n\t\t\t\t<div class=\"elementor-widget-container\">\n\t\t\t\t\t\t\t\t\t<div class=\"elementor-button-wrapper\">\n\t\t\t\t\t<a class=\"elementor-button elementor-button-link elementor-size-sm\" href=\"#elementor-action%3Aaction%3Dpopup%3Aopen%26settings%3DeyJpZCI6IjE0MDIiLCJ0b2dnbGUiOmZhbHNlfQ%3D%3D\">\n\t\t\t\t\t\t<span class=\"elementor-button-content-wrapper\">\n\t\t\t\t\t\t\t\t\t<span class=\"elementor-button-text\">Services<\/span>\n\t\t\t\t\t<\/span>\n\t\t\t\t\t<\/a>\n\t\t\t\t<\/div>\n\t\t\t\t\t\t\t\t<\/div>\n\t\t\t\t<\/div>\n\t\t\t\t<div class=\"elementor-element elementor-element-f0f9ac8 elementor-widget elementor-widget-button\" data-id=\"f0f9ac8\" data-element_type=\"widget\" data-widget_type=\"button.default\">\n\t\t\t\t<div class=\"elementor-widget-container\">\n\t\t\t\t\t\t\t\t\t<div class=\"elementor-button-wrapper\">\n\t\t\t\t\t<a class=\"elementor-button elementor-button-link elementor-size-sm\" href=\"#elementor-action%3Aaction%3Dpopup%3Aopen%26settings%3DeyJpZCI6IjE0NTYiLCJ0b2dnbGUiOmZhbHNlfQ%3D%3D\">\n\t\t\t\t\t\t<span class=\"elementor-button-content-wrapper\">\n\t\t\t\t\t\t\t\t\t<span class=\"elementor-button-text\">Destinations<\/span>\n\t\t\t\t\t<\/span>\n\t\t\t\t\t<\/a>\n\t\t\t\t<\/div>\n\t\t\t\t\t\t\t\t<\/div>\n\t\t\t\t<\/div>\n\t\t\t\t<div class=\"elementor-element elementor-element-b0ef511 elementor-widget elementor-widget-button\" data-id=\"b0ef511\" data-element_type=\"widget\" data-widget_type=\"button.default\">\n\t\t\t\t<div class=\"elementor-widget-container\">\n\t\t\t\t\t\t\t\t\t<div class=\"elementor-button-wrapper\">\n\t\t\t\t\t<a class=\"elementor-button elementor-button-link elementor-size-sm\" href=\"https:\/\/www.arcollectionhotels.com\/en\/your-events\/\">\n\t\t\t\t\t\t<span class=\"elementor-button-content-wrapper\">\n\t\t\t\t\t\t\t\t\t<span class=\"elementor-button-text\">Events<\/span>\n\t\t\t\t\t<\/span>\n\t\t\t\t\t<\/a>\n\t\t\t\t<\/div>\n\t\t\t\t\t\t\t\t<\/div>\n\t\t\t\t<\/div>\n\t\t\t\t<\/div>\n\t\t\t\t<div class=\"elementor-element elementor-element-2df9e79 elementor-view-framed elementor-widget__width-auto elementor-shape-circle elementor-widget elementor-widget-icon\" data-id=\"2df9e79\" data-element_type=\"widget\" data-widget_type=\"icon.default\">\n\t\t\t\t<div class=\"elementor-widget-container\">\n\t\t\t\t\t\t\t<div class=\"elementor-icon-wrapper\">\n\t\t\t<a class=\"elementor-icon\" href=\"#introduction\">\n\t\t\t<svg xmlns=\"http:\/\/www.w3.org\/2000\/svg\" width=\"15\" height=\"8\" viewbox=\"0 0 15 8\" fill=\"none\"><path d=\"M0.5 0.5L7.02174 7.02174L13.5435 0.5\" stroke=\"white\" stroke-linecap=\"round\"><\/path><\/svg>\t\t\t<\/a>\n\t\t<\/div>\n\t\t\t\t\t\t<\/div>\n\t\t\t\t<\/div>\n\t\t\t\t\t<\/div>\n\t\t\t\t<\/div>\n\t\t\t\t<\/div>\n\t\t\t\t<\/div>\n\t\t\t\t\t\t<\/div>\n\t\t\t\t<\/div>\n\t\t\t\t<\/div>\n\t\t<div class=\"elementor-element elementor-element-50dc234 section-seminaires e-flex e-con-boxed e-con e-parent\" data-id=\"50dc234\" data-element_type=\"container\" id=\"introduction\">\n\t\t\t\t\t<div class=\"e-con-inner\">\n\t\t<div class=\"elementor-element elementor-element-62666fc e-con-full elementor-hidden-tablet elementor-hidden-mobile part-left-desktop elementor-hidden-desktop elementor-hidden-laptop elementor-hidden-tablet_extra e-flex e-con e-child\" data-id=\"62666fc\" data-element_type=\"container\">\n\t\t<div class=\"elementor-element elementor-element-c9a04df e-con-full img_titres-container-desktop e-flex e-con e-child\" data-id=\"c9a04df\" data-element_type=\"container\" data-settings=\"{&quot;background_background&quot;:&quot;classic&quot;}\">\n\t\t\t\t<div class=\"elementor-element elementor-element-8433f65 elementor-view-default elementor-widget elementor-widget-icon\" data-id=\"8433f65\" data-element_type=\"widget\" data-widget_type=\"icon.default\">\n\t\t\t\t<div class=\"elementor-widget-container\">\n\t\t\t\t\t\t\t<div class=\"elementor-icon-wrapper\">\n\t\t\t<div class=\"elementor-icon\">\n\t\t\t<svg xmlns=\"http:\/\/www.w3.org\/2000\/svg\" width=\"85\" height=\"7\" viewbox=\"0 0 85 7\" fill=\"none\"><g clip-path=\"url(#clip0_8003_143)\"><path d=\"M0.5 3.19709C0.5 3.19709 11.53 0.435547 18.83 0.435547C37.57 0.435547 41.9 6.26353 51.89 6.26353C58.02 6.26353 64.87 3.85916 64.87 3.85916\" stroke=\"white\" stroke-miterlimit=\"10\" stroke-linecap=\"round\"><\/path><\/g><g clip-path=\"url(#clip1_8003_143)\"><path d=\"M84.5029 2.91024C84.5029 2.91024 73.537 0.396484 66.2795 0.396484C47.6484 0.396484 43.3436 5.70154 33.4116 5.70154C27.3172 5.70154 20.5071 3.51291 20.5071 3.51291\" stroke=\"white\" stroke-miterlimit=\"10\" stroke-linecap=\"round\"><\/path><\/g><defs><clippath id=\"clip0_8003_143\"><rect width=\"65.38\" height=\"6.69914\" fill=\"white\"><\/rect><\/clippath><clippath id=\"clip1_8003_143\"><rect width=\"65\" height=\"6.09804\" fill=\"white\" transform=\"matrix(-1 0 0 1 85 0)\"><\/rect><\/clippath><\/defs><\/svg>\t\t\t<\/div>\n\t\t<\/div>\n\t\t\t\t\t\t<\/div>\n\t\t\t\t<\/div>\n\t\t\t\t<div class=\"elementor-element elementor-element-6b8e2a4 elementor-widget elementor-widget-heading\" data-id=\"6b8e2a4\" data-element_type=\"widget\" data-widget_type=\"heading.default\">\n\t\t\t\t<div class=\"elementor-widget-container\">\n\t\t\t\t\t<h2 class=\"elementor-heading-title elementor-size-default\">Our events<\/h2>\t\t\t\t<\/div>\n\t\t\t\t<\/div>\n\t\t\t\t<div class=\"elementor-element elementor-element-05d86dd elementor-widget elementor-widget-heading\" data-id=\"05d86dd\" data-element_type=\"widget\" data-widget_type=\"heading.default\">\n\t\t\t\t<div class=\"elementor-widget-container\">\n\t\t\t\t\t<span class=\"elementor-heading-title elementor-size-default\">events<\/span>\t\t\t\t<\/div>\n\t\t\t\t<\/div>\n\t\t\t\t<\/div>\n\t\t\t\t<\/div>\n\t\t<div class=\"elementor-element elementor-element-3a9460a e-con-full e-flex e-con e-child\" data-id=\"3a9460a\" data-element_type=\"container\">\n\t\t<div class=\"elementor-element elementor-element-ef55fda e-con-full elementor-hidden-desktop elementor-hidden-laptop elementor-hidden-tablet_extra e-flex e-con e-child\" data-id=\"ef55fda\" data-element_type=\"container\">\n\t\t\t\t<div class=\"elementor-element elementor-element-02d603a elementor-view-default elementor-widget elementor-widget-icon\" data-id=\"02d603a\" data-element_type=\"widget\" data-widget_type=\"icon.default\">\n\t\t\t\t<div class=\"elementor-widget-container\">\n\t\t\t\t\t\t\t<div class=\"elementor-icon-wrapper\">\n\t\t\t<div class=\"elementor-icon\">\n\t\t\t<svg xmlns=\"http:\/\/www.w3.org\/2000\/svg\" width=\"85\" height=\"8\" viewbox=\"0 0 85 8\" fill=\"none\"><g clip-path=\"url(#clip0_8442_1027)\"><path d=\"M0.5 3.67C0.5 3.67 11.53 0.5 18.83 0.5C37.57 0.5 41.9 7.19 51.89 7.19C58.02 7.19 64.87 4.43 64.87 4.43\" stroke=\"#82C8BC\" stroke-miterlimit=\"10\" stroke-linecap=\"round\"><\/path><\/g><g clip-path=\"url(#clip1_8442_1027)\"><path d=\"M84.5029 3.34064C84.5029 3.34064 73.537 0.455078 66.2795 0.455078C47.6484 0.455078 43.3436 6.54481 33.4116 6.54481C27.3172 6.54481 20.5071 4.03245 20.5071 4.03245\" stroke=\"#82C8BC\" stroke-miterlimit=\"10\" stroke-linecap=\"round\"><\/path><\/g><defs><clippath id=\"clip0_8442_1027\"><rect width=\"65.38\" height=\"7.69\" fill=\"white\"><\/rect><\/clippath><clippath id=\"clip1_8442_1027\"><rect width=\"65\" height=\"7\" fill=\"white\" transform=\"matrix(-1 0 0 1 85 0)\"><\/rect><\/clippath><\/defs><\/svg>\t\t\t<\/div>\n\t\t<\/div>\n\t\t\t\t\t\t<\/div>\n\t\t\t\t<\/div>\n\t\t\t\t<div class=\"elementor-element elementor-element-d9dee06 elementor-widget elementor-widget-heading\" data-id=\"d9dee06\" data-element_type=\"widget\" data-widget_type=\"heading.default\">\n\t\t\t\t<div class=\"elementor-widget-container\">\n\t\t\t\t\t<h2 class=\"elementor-heading-title elementor-size-default\">Seminars<\/h2>\t\t\t\t<\/div>\n\t\t\t\t<\/div>\n\t\t\t\t<div class=\"elementor-element elementor-element-1ed6538 elementor-widget elementor-widget-heading\" data-id=\"1ed6538\" data-element_type=\"widget\" data-widget_type=\"heading.default\">\n\t\t\t\t<div class=\"elementor-widget-container\">\n\t\t\t\t\t<span class=\"elementor-heading-title elementor-size-default\">&amp; Receptions<\/span>\t\t\t\t<\/div>\n\t\t\t\t<\/div>\n\t\t\t\t<\/div>\n\t\t<div class=\"elementor-element elementor-element-78e0377 e-con-full elementor-hidden-desktop elementor-hidden-laptop elementor-hidden-tablet_extra elementor-hidden-tablet elementor-hidden-mobile e-flex e-con e-child\" data-id=\"78e0377\" data-element_type=\"container\">\n\t\t<div class=\"elementor-element elementor-element-b68d17a e-con-full e-flex e-con e-child\" data-id=\"b68d17a\" data-element_type=\"container\">\n\t\t\t\t<div class=\"elementor-element elementor-element-45d5f31 elementor-widget__width-inherit elementor-widget elementor-widget-image\" data-id=\"45d5f31\" data-element_type=\"widget\" data-widget_type=\"image.default\">\n\t\t\t\t<div class=\"elementor-widget-container\">\n\t\t\t\t\t\t\t\t\t\t\t\t\t\t\t<img fetchpriority=\"high\" decoding=\"async\" width=\"1500\" height=\"1000\" src=\"https:\/\/www.arcollectionhotels.com\/wp-content\/uploads\/2025\/12\/ARCH-seminaires_en_bretagne-restaurant.jpg\" class=\"attachment-full size-full wp-image-668\" alt=\"\" srcset=\"https:\/\/www.arcollectionhotels.com\/wp-content\/uploads\/2025\/12\/ARCH-seminaires_en_bretagne-restaurant.jpg 1500w, https:\/\/www.arcollectionhotels.com\/wp-content\/uploads\/2025\/12\/ARCH-seminaires_en_bretagne-restaurant-300x200.jpg 300w, https:\/\/www.arcollectionhotels.com\/wp-content\/uploads\/2025\/12\/ARCH-seminaires_en_bretagne-restaurant-1024x683.jpg 1024w, https:\/\/www.arcollectionhotels.com\/wp-content\/uploads\/2025\/12\/ARCH-seminaires_en_bretagne-restaurant-768x512.jpg 768w, https:\/\/www.arcollectionhotels.com\/wp-content\/uploads\/2025\/12\/ARCH-seminaires_en_bretagne-restaurant-18x12.jpg 18w\" sizes=\"(max-width: 1500px) 100vw, 1500px\" title=\"\">\t\t\t\t\t\t\t\t\t\t\t\t\t\t\t<\/div>\n\t\t\t\t<\/div>\n\t\t<div class=\"elementor-element elementor-element-615c552 e-con-full e-flex e-con e-child\" data-id=\"615c552\" data-element_type=\"container\">\n\t\t\t\t<div class=\"elementor-element elementor-element-c17919c elementor-widget elementor-widget-text-editor\" data-id=\"c17919c\" data-element_type=\"widget\" data-widget_type=\"text-editor.default\">\n\t\t\t\t<div class=\"elementor-widget-container\">\n\t\t\t\t\t\t\t\t\t<p>Sit amet, consectetur<\/p>\t\t\t\t\t\t\t\t<\/div>\n\t\t\t\t<\/div>\n\t\t\t\t<div class=\"elementor-element elementor-element-388aa93 elementor-widget elementor-widget-heading\" data-id=\"388aa93\" data-element_type=\"widget\" data-widget_type=\"heading.default\">\n\t\t\t\t<div class=\"elementor-widget-container\">\n\t\t\t\t\t<h3 class=\"elementor-heading-title elementor-size-default\">Lorem ipsum dolor<\/h3>\t\t\t\t<\/div>\n\t\t\t\t<\/div>\n\t\t\t\t<div class=\"elementor-element elementor-element-ef31422 elementor-widget elementor-widget-text-editor\" data-id=\"ef31422\" data-element_type=\"widget\" data-widget_type=\"text-editor.default\">\n\t\t\t\t<div class=\"elementor-widget-container\">\n\t\t\t\t\t\t\t\t\t<p>Lorem ipsum dolor sit amet, consectetur adipiscing elit. Ut elit tellus, luctus nec ullamcorper mattis, pulvinar dapibus leo.<\/p>\t\t\t\t\t\t\t\t<\/div>\n\t\t\t\t<\/div>\n\t\t\t\t<div class=\"elementor-element elementor-element-3c8fadd elementor-hidden-desktop elementor-hidden-laptop elementor-hidden-tablet_extra elementor-hidden-tablet elementor-hidden-mobile elementor-widget elementor-widget-button\" data-id=\"3c8fadd\" data-element_type=\"widget\" data-widget_type=\"button.default\">\n\t\t\t\t<div class=\"elementor-widget-container\">\n\t\t\t\t\t\t\t\t\t<div class=\"elementor-button-wrapper\">\n\t\t\t\t\t<a class=\"elementor-button elementor-button-link elementor-size-sm\" href=\"#\">\n\t\t\t\t\t\t<span class=\"elementor-button-content-wrapper\">\n\t\t\t\t\t\t\t\t\t<span class=\"elementor-button-text\">Discover<\/span>\n\t\t\t\t\t<\/span>\n\t\t\t\t\t<\/a>\n\t\t\t\t<\/div>\n\t\t\t\t\t\t\t\t<\/div>\n\t\t\t\t<\/div>\n\t\t\t\t<\/div>\n\t\t\t\t<\/div>\n\t\t<div class=\"elementor-element elementor-element-ec891a7 e-con-full elementor-hidden-desktop elementor-hidden-laptop elementor-hidden-tablet_extra elementor-hidden-tablet e-flex e-con e-child\" data-id=\"ec891a7\" data-element_type=\"container\">\n\t\t\t\t<div class=\"elementor-element elementor-element-0a36a9b elementor-widget__width-inherit elementor-widget elementor-widget-image\" data-id=\"0a36a9b\" data-element_type=\"widget\" data-widget_type=\"image.default\">\n\t\t\t\t<div class=\"elementor-widget-container\">\n\t\t\t\t\t\t\t\t\t\t\t\t\t\t\t<img decoding=\"async\" width=\"1000\" height=\"1499\" src=\"https:\/\/www.arcollectionhotels.com\/wp-content\/uploads\/2025\/12\/ARCH-seminaires_en_bretagne-rece.jpg\" class=\"attachment-full size-full wp-image-669\" alt=\"\" srcset=\"https:\/\/www.arcollectionhotels.com\/wp-content\/uploads\/2025\/12\/ARCH-seminaires_en_bretagne-rece.jpg 1000w, https:\/\/www.arcollectionhotels.com\/wp-content\/uploads\/2025\/12\/ARCH-seminaires_en_bretagne-rece-200x300.jpg 200w, https:\/\/www.arcollectionhotels.com\/wp-content\/uploads\/2025\/12\/ARCH-seminaires_en_bretagne-rece-683x1024.jpg 683w, https:\/\/www.arcollectionhotels.com\/wp-content\/uploads\/2025\/12\/ARCH-seminaires_en_bretagne-rece-768x1151.jpg 768w, https:\/\/www.arcollectionhotels.com\/wp-content\/uploads\/2025\/12\/ARCH-seminaires_en_bretagne-rece-8x12.jpg 8w\" sizes=\"(max-width: 1000px) 100vw, 1000px\" title=\"\">\t\t\t\t\t\t\t\t\t\t\t\t\t\t\t<\/div>\n\t\t\t\t<\/div>\n\t\t<div class=\"elementor-element elementor-element-e2ea1a0 e-con-full e-flex e-con e-child\" data-id=\"e2ea1a0\" data-element_type=\"container\">\n\t\t\t\t<div class=\"elementor-element elementor-element-a2ebd29 elementor-widget elementor-widget-text-editor\" data-id=\"a2ebd29\" data-element_type=\"widget\" data-widget_type=\"text-editor.default\">\n\t\t\t\t<div class=\"elementor-widget-container\">\n\t\t\t\t\t\t\t\t\t<p>Sit amet, consectetur<\/p>\t\t\t\t\t\t\t\t<\/div>\n\t\t\t\t<\/div>\n\t\t\t\t<div class=\"elementor-element elementor-element-52be702 elementor-widget elementor-widget-heading\" data-id=\"52be702\" data-element_type=\"widget\" data-widget_type=\"heading.default\">\n\t\t\t\t<div class=\"elementor-widget-container\">\n\t\t\t\t\t<h3 class=\"elementor-heading-title elementor-size-default\">Lorem ipsum dolor<\/h3>\t\t\t\t<\/div>\n\t\t\t\t<\/div>\n\t\t\t\t<div class=\"elementor-element elementor-element-a817fab elementor-widget elementor-widget-text-editor\" data-id=\"a817fab\" data-element_type=\"widget\" data-widget_type=\"text-editor.default\">\n\t\t\t\t<div class=\"elementor-widget-container\">\n\t\t\t\t\t\t\t\t\t<p>Lorem ipsum dolor sit amet, consectetur adipiscing elit. Ut elit tellus, luctus nec ullamcorper mattis, pulvinar dapibus leo.<\/p>\t\t\t\t\t\t\t\t<\/div>\n\t\t\t\t<\/div>\n\t\t\t\t<\/div>\n\t\t\t\t<\/div>\n\t\t<div class=\"elementor-element elementor-element-b3cc611 e-con-full elementor-hidden-desktop elementor-hidden-laptop elementor-hidden-tablet_extra elementor-hidden-tablet e-flex e-con e-child\" data-id=\"b3cc611\" data-element_type=\"container\">\n\t\t\t\t<div class=\"elementor-element elementor-element-da0177f elementor-widget__width-inherit elementor-widget elementor-widget-image\" data-id=\"da0177f\" data-element_type=\"widget\" data-widget_type=\"image.default\">\n\t\t\t\t<div class=\"elementor-widget-container\">\n\t\t\t\t\t\t\t\t\t\t\t\t\t\t\t<img decoding=\"async\" width=\"1000\" height=\"1499\" src=\"https:\/\/www.arcollectionhotels.com\/wp-content\/uploads\/2025\/12\/ARCH-seminaires_en_bretagne-rest.jpg\" class=\"attachment-full size-full wp-image-671\" alt=\"\" srcset=\"https:\/\/www.arcollectionhotels.com\/wp-content\/uploads\/2025\/12\/ARCH-seminaires_en_bretagne-rest.jpg 1000w, https:\/\/www.arcollectionhotels.com\/wp-content\/uploads\/2025\/12\/ARCH-seminaires_en_bretagne-rest-200x300.jpg 200w, https:\/\/www.arcollectionhotels.com\/wp-content\/uploads\/2025\/12\/ARCH-seminaires_en_bretagne-rest-683x1024.jpg 683w, https:\/\/www.arcollectionhotels.com\/wp-content\/uploads\/2025\/12\/ARCH-seminaires_en_bretagne-rest-768x1151.jpg 768w, https:\/\/www.arcollectionhotels.com\/wp-content\/uploads\/2025\/12\/ARCH-seminaires_en_bretagne-rest-8x12.jpg 8w\" sizes=\"(max-width: 1000px) 100vw, 1000px\" title=\"\">\t\t\t\t\t\t\t\t\t\t\t\t\t\t\t<\/div>\n\t\t\t\t<\/div>\n\t\t<div class=\"elementor-element elementor-element-dbecc16 e-con-full e-flex e-con e-child\" data-id=\"dbecc16\" data-element_type=\"container\">\n\t\t\t\t<div class=\"elementor-element elementor-element-968a552 elementor-widget elementor-widget-text-editor\" data-id=\"968a552\" data-element_type=\"widget\" data-widget_type=\"text-editor.default\">\n\t\t\t\t<div class=\"elementor-widget-container\">\n\t\t\t\t\t\t\t\t\t<p>Sit amet, consectetur<\/p>\t\t\t\t\t\t\t\t<\/div>\n\t\t\t\t<\/div>\n\t\t\t\t<div class=\"elementor-element elementor-element-e8778f4 elementor-widget elementor-widget-heading\" data-id=\"e8778f4\" data-element_type=\"widget\" data-widget_type=\"heading.default\">\n\t\t\t\t<div class=\"elementor-widget-container\">\n\t\t\t\t\t<h3 class=\"elementor-heading-title elementor-size-default\">Lorem ipsum dolor<\/h3>\t\t\t\t<\/div>\n\t\t\t\t<\/div>\n\t\t\t\t<div class=\"elementor-element elementor-element-6e2b022 elementor-widget elementor-widget-text-editor\" data-id=\"6e2b022\" data-element_type=\"widget\" data-widget_type=\"text-editor.default\">\n\t\t\t\t<div class=\"elementor-widget-container\">\n\t\t\t\t\t\t\t\t\t<p>Lorem ipsum dolor sit amet, consectetur adipiscing elit. Ut elit tellus, luctus nec ullamcorper mattis, pulvinar dapibus leo.<\/p>\t\t\t\t\t\t\t\t<\/div>\n\t\t\t\t<\/div>\n\t\t\t\t<\/div>\n\t\t\t\t<\/div>\n\t\t<div class=\"elementor-element elementor-element-025a6ec e-con-full elementor-hidden-desktop elementor-hidden-laptop elementor-hidden-tablet_extra elementor-hidden-tablet e-flex e-con e-child\" data-id=\"025a6ec\" data-element_type=\"container\">\n\t\t\t\t<div class=\"elementor-element elementor-element-676cb2d elementor-widget__width-inherit elementor-widget elementor-widget-image\" data-id=\"676cb2d\" data-element_type=\"widget\" data-widget_type=\"image.default\">\n\t\t\t\t<div class=\"elementor-widget-container\">\n\t\t\t\t\t\t\t\t\t\t\t\t\t\t\t<img loading=\"lazy\" decoding=\"async\" width=\"2048\" height=\"1365\" src=\"https:\/\/www.arcollectionhotels.com\/wp-content\/uploads\/2025\/12\/ARCH-seminaires_en_bretagne-activites.jpg\" class=\"attachment-full size-full wp-image-670\" alt=\"\" srcset=\"https:\/\/www.arcollectionhotels.com\/wp-content\/uploads\/2025\/12\/ARCH-seminaires_en_bretagne-activites.jpg 2048w, https:\/\/www.arcollectionhotels.com\/wp-content\/uploads\/2025\/12\/ARCH-seminaires_en_bretagne-activites-300x200.jpg 300w, https:\/\/www.arcollectionhotels.com\/wp-content\/uploads\/2025\/12\/ARCH-seminaires_en_bretagne-activites-1024x683.jpg 1024w, https:\/\/www.arcollectionhotels.com\/wp-content\/uploads\/2025\/12\/ARCH-seminaires_en_bretagne-activites-768x512.jpg 768w, https:\/\/www.arcollectionhotels.com\/wp-content\/uploads\/2025\/12\/ARCH-seminaires_en_bretagne-activites-1536x1024.jpg 1536w, https:\/\/www.arcollectionhotels.com\/wp-content\/uploads\/2025\/12\/ARCH-seminaires_en_bretagne-activites-18x12.jpg 18w\" sizes=\"(max-width: 2048px) 100vw, 2048px\" title=\"\">\t\t\t\t\t\t\t\t\t\t\t\t\t\t\t<\/div>\n\t\t\t\t<\/div>\n\t\t<div class=\"elementor-element elementor-element-60d05a0 e-con-full e-flex e-con e-child\" data-id=\"60d05a0\" data-element_type=\"container\">\n\t\t\t\t<div class=\"elementor-element elementor-element-8ce52b1 elementor-widget elementor-widget-text-editor\" data-id=\"8ce52b1\" data-element_type=\"widget\" data-widget_type=\"text-editor.default\">\n\t\t\t\t<div class=\"elementor-widget-container\">\n\t\t\t\t\t\t\t\t\t<p>Sit amet, consectetur<\/p>\t\t\t\t\t\t\t\t<\/div>\n\t\t\t\t<\/div>\n\t\t\t\t<div class=\"elementor-element elementor-element-1e255fe elementor-widget elementor-widget-heading\" data-id=\"1e255fe\" data-element_type=\"widget\" data-widget_type=\"heading.default\">\n\t\t\t\t<div class=\"elementor-widget-container\">\n\t\t\t\t\t<h3 class=\"elementor-heading-title elementor-size-default\">Lorem ipsum dolor<\/h3>\t\t\t\t<\/div>\n\t\t\t\t<\/div>\n\t\t\t\t<div class=\"elementor-element elementor-element-628febe elementor-widget elementor-widget-text-editor\" data-id=\"628febe\" data-element_type=\"widget\" data-widget_type=\"text-editor.default\">\n\t\t\t\t<div class=\"elementor-widget-container\">\n\t\t\t\t\t\t\t\t\t<p>Lorem ipsum dolor sit amet, consectetur adipiscing elit. Ut elit tellus, luctus nec ullamcorper mattis, pulvinar dapibus leo.<\/p>\t\t\t\t\t\t\t\t<\/div>\n\t\t\t\t<\/div>\n\t\t\t\t<\/div>\n\t\t\t\t<\/div>\n\t\t\t\t<\/div>\n\t\t\t\t<\/div>\n\t\t\t\t\t<\/div>\n\t\t\t\t<\/div>\n\t\t<div class=\"elementor-element elementor-element-ca62614 e-flex e-con-boxed e-con e-parent\" data-id=\"ca62614\" data-element_type=\"container\">\n\t\t\t\t\t<div class=\"e-con-inner\">\n\t\t\t\t<div class=\"elementor-element elementor-element-7030707 scroll-to-top elementor-view-default elementor-widget elementor-widget-icon\" data-id=\"7030707\" data-element_type=\"widget\" data-widget_type=\"icon.default\">\n\t\t\t\t<div class=\"elementor-widget-container\">\n\t\t\t\t\t\t\t<div class=\"elementor-icon-wrapper\">\n\t\t\t<div class=\"elementor-icon\">\n\t\t\t<svg xmlns=\"http:\/\/www.w3.org\/2000\/svg\" width=\"40\" height=\"40\" viewbox=\"0 0 40 40\" fill=\"none\"><circle cx=\"20\" cy=\"20\" r=\"19.85\" transform=\"rotate(180 20 20)\" fill=\"#0F3956\" stroke=\"white\" stroke-width=\"0.3\"><\/circle><path d=\"M28.6956 22.6084L19.9999 13.9128L11.3043 22.6084\" stroke=\"white\" stroke-width=\"2\" stroke-linecap=\"round\"><\/path><\/svg>\t\t\t<\/div>\n\t\t<\/div>\n\t\t\t\t\t\t<\/div>\n\t\t\t\t<\/div>\n\t\t\t\t\t<\/div>\n\t\t\t\t<\/div>\n\t\t\t\t<\/div>","protected":false},"excerpt":{"rendered":"<p>Nos \u00e9v\u00e9nements \u00e9v\u00e9nements S\u00e9minaires &amp; R\u00e9ceptions Sit amet, consectetur Lorem ipsum dolor Lorem ipsum dolor sit amet, consectetur adipiscing elit. Ut elit tellus, luctus nec ullamcorper mattis, pulvinar dapibus leo. D\u00e9couvrir Sit amet, consectetur Lorem ipsum dolor Lorem ipsum dolor sit amet, consectetur adipiscing elit. Ut elit tellus, luctus nec ullamcorper mattis, pulvinar dapibus leo. [&hellip;]<\/p>\n","protected":false},"author":13,"featured_media":0,"parent":0,"menu_order":0,"comment_status":"closed","ping_status":"closed","template":"","meta":{"inline_featured_image":false,"footnotes":""},"class_list":["post-189","page","type-page","status-publish","hentry"],"_links":{"self":[{"href":"https:\/\/www.arcollectionhotels.com\/en\/wp-json\/wp\/v2\/pages\/189","targetHints":{"allow":["GET"]}}],"collection":[{"href":"https:\/\/www.arcollectionhotels.com\/en\/wp-json\/wp\/v2\/pages"}],"about":[{"href":"https:\/\/www.arcollectionhotels.com\/en\/wp-json\/wp\/v2\/types\/page"}],"author":[{"embeddable":true,"href":"https:\/\/www.arcollectionhotels.com\/en\/wp-json\/wp\/v2\/users\/13"}],"replies":[{"embeddable":true,"href":"https:\/\/www.arcollectionhotels.com\/en\/wp-json\/wp\/v2\/comments?post=189"}],"version-history":[{"count":43,"href":"https:\/\/www.arcollectionhotels.com\/en\/wp-json\/wp\/v2\/pages\/189\/revisions"}],"predecessor-version":[{"id":2838,"href":"https:\/\/www.arcollectionhotels.com\/en\/wp-json\/wp\/v2\/pages\/189\/revisions\/2838"}],"wp:attachment":[{"href":"https:\/\/www.arcollectionhotels.com\/en\/wp-json\/wp\/v2\/media?parent=189"}],"curies":[{"name":"wp","href":"https:\/\/api.w.org\/{rel}","templated":true}]}}